{"id":14,"date":"2025-11-14T22:18:09","date_gmt":"2025-11-14T22:18:09","guid":{"rendered":"https:\/\/mitliebegepackt.webredirect.org\/?page_id=14"},"modified":"2025-11-17T12:29:53","modified_gmt":"2025-11-17T12:29:53","slug":"datenschutzerklaerung","status":"publish","type":"page","link":"https:\/\/mitliebegepackt.webredirect.org\/?page_id=14","title":{"rendered":"Datenschutzerkl\u00e4rung"},"content":{"rendered":"\n<p><strong>Verantwortliche Stelle<\/strong><br>MitLiebeGepackt<br>Sevda Kayapinar<br>M\u00fcmling-Grumbacher Str. 26, 64739 H\u00f6chst im Odenwald<br>E-Mail: shopparadiss@gmail.com<\/p>\n\n\n\n<p><\/p>\n\n\n\n<hr class=\"wp-block-separator has-alpha-channel-opacity\"\/>\n\n\n\n<h3 class=\"wp-block-heading\">1. Erhebung und Speicherung personenbezogener Daten sowie Art und Zweck ihrer Verarbeitung<\/h3>\n\n\n\n<p>Beim Besuch der Website werden automatisch Informationen durch den Browser des Ger\u00e4ts gesendet. Diese Daten k\u00f6nnen sein: IP-Adresse, Datum und Uhrzeit des Zugriffs, Browsertyp und \u00adversion, Betriebssystem und die Referrer-URL. Diese Daten werden <strong>nicht<\/strong> verwendet, um Dich pers\u00f6nlich zu identifizieren.<\/p>\n\n\n\n<p>Wenn Du ein Formular ausf\u00fcllst (z. B. Kauf\/Download-Formular oder Kommentar) oder eine Bestellung aufgibst, werden die von Dir angegebenen Daten (Name, E-Mail, Anschrift, Zahlungs\u00addaten etc.) zur Vertrags\u00adabwicklung, zur Ausf\u00fchrung Deiner Bestellung oder zum Download des Ausmalbildes verwendet.<\/p>\n\n\n\n<hr class=\"wp-block-separator has-alpha-channel-opacity\"\/>\n\n\n\n<h3 class=\"wp-block-heading\">2. Kontakt\u00adaufnahme<\/h3>\n\n\n\n<p>Wenn Du uns per Kontaktformular oder E-Mail kontaktierst, werden Deine Angaben zur Bearbeitung gespeichert \u2014 die Rechtsgrundlage ist Art. 6 Abs. 1 S. 1 lit. b DSGVO (Vertragserf\u00fcllung) bzw. lit. f (berechtigtes Interesse). Deine Daten werden gel\u00f6scht, wenn Deine Anfrage abschlie\u00dfend bearbeitet ist.<\/p>\n\n\n\n<hr class=\"wp-block-separator has-alpha-channel-opacity\"\/>\n\n\n\n<h3 class=\"wp-block-heading\">3. Cookies und vergleichbare Technologien<\/h3>\n\n\n\n<p>Unsere Website nutzt Cookies. Einige sind erforderlich, damit die Website funktioniert (\u201eEssenziell\u201c). Andere k\u00f6nnten Analyse- oder Tracking-Cookies sein. Du kannst Deine Browser\u00adeinstellungen so anpassen, dass keine Cookies gespeichert werden, oder Cookies automatisch beim Schlie\u00dfen des Browsers gel\u00f6scht werden.<\/p>\n\n\n\n<p>Falls wir Tools wie z. B. Google Analytics, Meta Pixel oder \u00e4hnliche verwenden, werden wir Dich dar\u00fcber in einer Cookie-Hinweis\u00adleiste informieren und ggf. eine Einwilligung einholen.<\/p>\n\n\n\n<hr class=\"wp-block-separator has-alpha-channel-opacity\"\/>\n\n\n\n<h3 class=\"wp-block-heading\">4. Weitergabe von Daten<\/h3>\n\n\n\n<p>Eine \u00dcbermittlung Deiner pers\u00f6nlichen Daten an Dritte erfolgt nur dann, wenn<\/p>\n\n\n\n<ul class=\"wp-block-list\">\n<li>Du ausdr\u00fccklich eingewilligt hast,<\/li>\n\n\n\n<li>die Weitergabe zur Vertrags\u00adabwicklung erforderlich ist, oder<\/li>\n\n\n\n<li>eine gesetzliche Verpflichtung besteht.<\/li>\n<\/ul>\n\n\n\n<hr class=\"wp-block-separator has-alpha-channel-opacity\"\/>\n\n\n\n<h3 class=\"wp-block-heading\">5. Downloadprodukt &amp; Shop<\/h3>\n\n\n\n<p>Wenn Du das kostenlose Ausmalbild \u201eFr\u00f6hlicher Nikolaus \u2013 Ausmalbild zum Download\u201c herunterl\u00e4dst oder bestellst, speichern wir die notwendigen Angaben (z. B. Deine E-Mail, damit wir den Download bereitstellen k\u00f6nnen) und f\u00fchren ggf. den Versand (Downloadlink) durch. Deine Daten werden nur so lange gespeichert, wie es f\u00fcr den Zweck notwendig ist und ggf. gesetzlich vorgeschrieben.<\/p>\n\n\n\n<hr class=\"wp-block-separator has-alpha-channel-opacity\"\/>\n\n\n\n<h3 class=\"wp-block-heading\">6. Rechte der betroffenen Person<\/h3>\n\n\n\n<p>Du hast jederzeit das Recht auf<\/p>\n\n\n\n<ul class=\"wp-block-list\">\n<li>Auskunft \u00fcber Deine gespeicherten Daten,<\/li>\n\n\n\n<li>Berichtigung unrichtiger Daten,<\/li>\n\n\n\n<li>L\u00f6schung (\u201eRecht auf Vergessenwerden\u201c),<\/li>\n\n\n\n<li>Einschr\u00e4nkung der Verarbeitung,<\/li>\n\n\n\n<li>Daten\u00fcbertragbarkeit,<\/li>\n\n\n\n<li>Widerspruch gegen die Verarbeitung, soweit sie auf berechtigtem Interesse beruht.<\/li>\n<\/ul>\n\n\n\n<p>Bitte wende Dich hierf\u00fcr an: [Deine E-Mail]<\/p>\n\n\n\n<hr class=\"wp-block-separator has-alpha-channel-opacity\"\/>\n\n\n\n<h3 class=\"wp-block-heading\">7. Datensicherheit<\/h3>\n\n\n\n<p>Wir setzen technische und organisatorische Sicherheits\u00adma\u00dfnahmen ein, damit Deine Daten gegen zuf\u00e4llige oder vors\u00e4tzliche Manipulation, Verlust oder Zugriff durch unbefugte Personen gesch\u00fctzt sind. Unsere Website nutzt z. B. SSL-Verschl\u00fcsselung (erkennbar durch \u201ehttps:\/\/\u201c).<\/p>\n\n\n\n<hr class=\"wp-block-separator has-alpha-channel-opacity\"\/>\n\n\n\n<h3 class=\"wp-block-heading\">8. \u00c4nderung dieser Datenschutzerkl\u00e4rung<\/h3>\n\n\n\n<p>Wir behalten uns vor, diese Datenschutzerkl\u00e4rung gelegentlich anzupassen, damit sie den aktuellen rechtlichen Anforderungen entspricht oder \u00c4nderungen auf der Website-\/Shopseite ber\u00fccksichtigt. Bitte beachten Sie daher die jeweils g\u00fcltige Version.<\/p>\n\n\n\n<hr class=\"wp-block-separator has-alpha-channel-opacity\"\/>\n","protected":false},"excerpt":{"rendered":"<p>Verantwortliche StelleMitLiebeGepacktSevda KayapinarM\u00fcmling-Grumbacher Str. 26, 64739 H\u00f6chst im OdenwaldE-Mail: shopparadiss@gmail.com 1. Erhebung und Speicherung personenbezogener Daten sowie Art und Zweck ihrer Verarbeitung Beim Besuch der Website werden automatisch Informationen durch den Browser des Ger\u00e4ts gesendet. Diese Daten k\u00f6nnen sein: IP-Adresse, Datum und Uhrzeit des Zugriffs, Browsertyp und \u00adversion, Betriebssystem und die Referrer-URL. Diese Daten werden<\/p>\n<div class=\"more-link\">\n             <a href=\"https:\/\/mitliebegepackt.webredirect.org\/?page_id=14\" class=\"link-btn\"><span> <\/span><i class=\"icofont-thin-double-right\"><\/i><\/a>\n        <\/div>\n","protected":false},"author":1,"featured_media":0,"parent":0,"menu_order":0,"comment_status":"closed","ping_status":"closed","template":"","meta":{"footnotes":""},"class_list":["post-14","page","type-page","status-publish","hentry"],"jetpack_sharing_enabled":true,"_links":{"self":[{"href":"https:\/\/mitliebegepackt.webredirect.org\/index.php?rest_route=\/wp\/v2\/pages\/14","targetHints":{"allow":["GET"]}}],"collection":[{"href":"https:\/\/mitliebegepackt.webredirect.org\/index.php?rest_route=\/wp\/v2\/pages"}],"about":[{"href":"https:\/\/mitliebegepackt.webredirect.org\/index.php?rest_route=\/wp\/v2\/types\/page"}],"author":[{"embeddable":true,"href":"https:\/\/mitliebegepackt.webredirect.org\/index.php?rest_route=\/wp\/v2\/users\/1"}],"replies":[{"embeddable":true,"href":"https:\/\/mitliebegepackt.webredirect.org\/index.php?rest_route=%2Fwp%2Fv2%2Fcomments&post=14"}],"version-history":[{"count":2,"href":"https:\/\/mitliebegepackt.webredirect.org\/index.php?rest_route=\/wp\/v2\/pages\/14\/revisions"}],"predecessor-version":[{"id":45,"href":"https:\/\/mitliebegepackt.webredirect.org\/index.php?rest_route=\/wp\/v2\/pages\/14\/revisions\/45"}],"wp:attachment":[{"href":"https:\/\/mitliebegepackt.webredirect.org\/index.php?rest_route=%2Fwp%2Fv2%2Fmedia&parent=14"}],"curies":[{"name":"wp","href":"https:\/\/api.w.org\/{rel}","templated":true}]}}